{"id":1319,"date":"2020-05-14T15:35:57","date_gmt":"2020-05-14T13:35:57","guid":{"rendered":"https:\/\/exam2020.wpengine.com\/?page_id=1319"},"modified":"2023-06-09T08:03:37","modified_gmt":"2023-06-09T06:03:37","slug":"about-hdk-valand","status":"publish","type":"page","link":"https:\/\/2023.hdk-valand-graduation.se\/en\/about-hdk-valand\/","title":{"rendered":"About Graduation"},"content":{"rendered":"<p style=\"font-weight: 400;\">Welcome to the works of our graduating students from 2023!<br \/>\nIt is with great pleasure that we present the students who will now take place in the contemporary and future art scene within the fields of craft, design, film, fine art, literary composition, photography, and visual arts pedagogy.<\/p>\n<p style=\"font-weight: 400;\">Perhaps you have already met our students\u2019 work at G\u00f6teborgs Konsthall, R\u00f6da Sten Konsthall, G\u00f6teborg Film Festival, Konstepidemin, Kronhuset, Bio Roy, Southern Sweden Design Days, G\u00f6teborgs Litteraturhus or in our own HDK-Valand premises. If not, there are now works from all the degree exhibitions, screenings, and readings here.<\/p>\n<p style=\"font-weight: 400;\">Take part in the questions, expressions, techniques and themes that are currently relevant to our students and the artistic practice in which they work. We offer you a window into our world.<\/p>\n<p style=\"font-weight: 400;\">You will also find contact information to enable collaboration with our graduate students.<\/p>\n<p>&nbsp;<\/p>\n<p style=\"font-weight: 400;\"><strong>About HDK-Valand<\/strong><\/p>\n<p style=\"font-weight: 400;\">HDK-Valand conducts education and research in Design, Film, Photography, Fine Art, Craft, Literary Composition, and subject courses for future teachers in Sloyd and Visual Arts. We offer highly specialised educational programmes in an international environment where you can study everything from basic and introductory courses to courses and programmes at an advanced level.<\/p>\n<p>You find us on Vasagatan and Kristinelundsgatan in Gothenburg and at our campus in Steneby in Dals L\u00e5nged.<\/p>\n<p style=\"font-weight: 400;\">Together with our sister institution, the Academy of Music and Drama, we are Scandinavia&#8217;s broadest Faculty of Fine, Applied and Performing Arts.<\/p>\n<p style=\"font-weight: 400;\">Read more about us <a href=\"https:\/\/www.gu.se\/en\/hdk-valand\">gu.se\/hdk-valand<\/a><\/p>\n<p>&nbsp;<\/p>\n","protected":false},"excerpt":{"rendered":"<p>Welcome to the works of our graduating students from 2023! It is with great pleasure that we present the students who will now take place in the contemporary and future art scene within the fields of craft, design, film, fine art, literary composition, photography, and visual arts pedagogy. Perhaps you have already met our students\u2019&hellip;<\/p>\n","protected":false},"author":14,"featured_media":11125,"parent":0,"menu_order":0,"comment_status":"closed","ping_status":"closed","template":"","meta":{"inline_featured_image":false,"footnotes":""},"yoast_head":"<!-- This site is optimized with the Yoast SEO plugin v21.4 - https:\/\/yoast.com\/wordpress\/plugins\/seo\/ -->\n<title>HDK-Valand Graduation - About Graduation<\/title>\n<meta name=\"description\" content=\"HDK-Valand v\u00e4lkomnar dig att ta del av verk ifr\u00e5n studenter som nu kommer att ta plats inom samtida och framtida bildpedagogiken, designen, fotografit, filmkonsten, fria konsten, konsthantverket och litter\u00e4ra gestaltning.\" \/>\n<meta name=\"robots\" content=\"index, follow, max-snippet:-1, max-image-preview:large, max-video-preview:-1\" \/>\n<link rel=\"canonical\" href=\"https:\/\/2023.hdk-valand-graduation.se\/en\/about-hdk-valand\/\" \/>\n<meta property=\"og:locale\" content=\"en_US\" \/>\n<meta property=\"og:type\" content=\"article\" \/>\n<meta property=\"og:title\" content=\"HDK-Valand Graduation - About Graduation\" \/>\n<meta property=\"og:description\" content=\"HDK-Valand v\u00e4lkomnar dig att ta del av verk ifr\u00e5n studenter som nu kommer att ta plats inom samtida och framtida bildpedagogiken, designen, fotografit, filmkonsten, fria konsten, konsthantverket och litter\u00e4ra gestaltning.\" \/>\n<meta property=\"og:url\" content=\"https:\/\/2023.hdk-valand-graduation.se\/en\/about-hdk-valand\/\" \/>\n<meta property=\"og:site_name\" content=\"HDK-Valand Graduation\" \/>\n<meta property=\"article:publisher\" content=\"https:\/\/www.facebook.com\/HDKValand\" \/>\n<meta property=\"article:modified_time\" content=\"2023-06-09T06:03:37+00:00\" \/>\n<meta property=\"og:image\" content=\"https:\/\/2023.hdk-valand-graduation.se\/wp-content\/uploads\/2022\/06\/og-image-2022.jpg\" \/>\n\t<meta property=\"og:image:width\" content=\"1200\" \/>\n\t<meta property=\"og:image:height\" content=\"630\" \/>\n\t<meta property=\"og:image:type\" content=\"image\/jpeg\" \/>\n<meta name=\"twitter:card\" content=\"summary_large_image\" \/>\n<meta name=\"twitter:site\" content=\"@HDK_Valand\" \/>\n<meta name=\"twitter:label1\" content=\"Est. reading time\" \/>\n\t<meta name=\"twitter:data1\" content=\"1 minute\" \/>\n<script type=\"application\/ld+json\" class=\"yoast-schema-graph\">{\"@context\":\"https:\/\/schema.org\",\"@graph\":[{\"@type\":\"WebPage\",\"@id\":\"https:\/\/2023.hdk-valand-graduation.se\/en\/about-hdk-valand\/\",\"url\":\"https:\/\/2023.hdk-valand-graduation.se\/en\/about-hdk-valand\/\",\"name\":\"HDK-Valand Graduation - About Graduation\",\"isPartOf\":{\"@id\":\"https:\/\/2023.hdk-valand-graduation.se\/en\/#website\"},\"datePublished\":\"2020-05-14T13:35:57+00:00\",\"dateModified\":\"2023-06-09T06:03:37+00:00\",\"description\":\"HDK-Valand v\u00e4lkomnar dig att ta del av verk ifr\u00e5n studenter som nu kommer att ta plats inom samtida och framtida bildpedagogiken, designen, fotografit, filmkonsten, fria konsten, konsthantverket och litter\u00e4ra gestaltning.\",\"breadcrumb\":{\"@id\":\"https:\/\/2023.hdk-valand-graduation.se\/en\/about-hdk-valand\/#breadcrumb\"},\"inLanguage\":\"en-US\",\"potentialAction\":[{\"@type\":\"ReadAction\",\"target\":[\"https:\/\/2023.hdk-valand-graduation.se\/en\/about-hdk-valand\/\"]}]},{\"@type\":\"BreadcrumbList\",\"@id\":\"https:\/\/2023.hdk-valand-graduation.se\/en\/about-hdk-valand\/#breadcrumb\",\"itemListElement\":[{\"@type\":\"ListItem\",\"position\":1,\"name\":\"Hem\",\"item\":\"https:\/\/2023.hdk-valand-graduation.se\/en\/\"},{\"@type\":\"ListItem\",\"position\":2,\"name\":\"About Graduation\"}]},{\"@type\":\"WebSite\",\"@id\":\"https:\/\/2023.hdk-valand-graduation.se\/en\/#website\",\"url\":\"https:\/\/2023.hdk-valand-graduation.se\/en\/\",\"name\":\"HDK-Valand Graduation\",\"description\":\"Examensarbeten 2022\",\"publisher\":{\"@id\":\"https:\/\/2023.hdk-valand-graduation.se\/en\/#organization\"},\"potentialAction\":[{\"@type\":\"SearchAction\",\"target\":{\"@type\":\"EntryPoint\",\"urlTemplate\":\"https:\/\/2023.hdk-valand-graduation.se\/en\/?s={search_term_string}\"},\"query-input\":\"required name=search_term_string\"}],\"inLanguage\":\"en-US\"},{\"@type\":\"Organization\",\"@id\":\"https:\/\/2023.hdk-valand-graduation.se\/en\/#organization\",\"name\":\"HDK-Valand\",\"url\":\"https:\/\/2023.hdk-valand-graduation.se\/en\/\",\"logo\":{\"@type\":\"ImageObject\",\"inLanguage\":\"en-US\",\"@id\":\"https:\/\/2023.hdk-valand-graduation.se\/en\/#\/schema\/logo\/image\/\",\"url\":\"\",\"contentUrl\":\"\",\"caption\":\"HDK-Valand\"},\"image\":{\"@id\":\"https:\/\/2023.hdk-valand-graduation.se\/en\/#\/schema\/logo\/image\/\"},\"sameAs\":[\"https:\/\/www.facebook.com\/HDKValand\",\"https:\/\/twitter.com\/HDK_Valand\"]}]}<\/script>\n<!-- \/ Yoast SEO plugin. -->","yoast_head_json":{"title":"HDK-Valand Graduation - About Graduation","description":"HDK-Valand v\u00e4lkomnar dig att ta del av verk ifr\u00e5n studenter som nu kommer att ta plats inom samtida och framtida bildpedagogiken, designen, fotografit, filmkonsten, fria konsten, konsthantverket och litter\u00e4ra gestaltning.","robots":{"index":"index","follow":"follow","max-snippet":"max-snippet:-1","max-image-preview":"max-image-preview:large","max-video-preview":"max-video-preview:-1"},"canonical":"https:\/\/2023.hdk-valand-graduation.se\/en\/about-hdk-valand\/","og_locale":"en_US","og_type":"article","og_title":"HDK-Valand Graduation - About Graduation","og_description":"HDK-Valand v\u00e4lkomnar dig att ta del av verk ifr\u00e5n studenter som nu kommer att ta plats inom samtida och framtida bildpedagogiken, designen, fotografit, filmkonsten, fria konsten, konsthantverket och litter\u00e4ra gestaltning.","og_url":"https:\/\/2023.hdk-valand-graduation.se\/en\/about-hdk-valand\/","og_site_name":"HDK-Valand Graduation","article_publisher":"https:\/\/www.facebook.com\/HDKValand","article_modified_time":"2023-06-09T06:03:37+00:00","og_image":[{"width":1200,"height":630,"url":"https:\/\/2023.hdk-valand-graduation.se\/wp-content\/uploads\/2022\/06\/og-image-2022.jpg","type":"image\/jpeg"}],"twitter_card":"summary_large_image","twitter_site":"@HDK_Valand","twitter_misc":{"Est. reading time":"1 minute"},"schema":{"@context":"https:\/\/schema.org","@graph":[{"@type":"WebPage","@id":"https:\/\/2023.hdk-valand-graduation.se\/en\/about-hdk-valand\/","url":"https:\/\/2023.hdk-valand-graduation.se\/en\/about-hdk-valand\/","name":"HDK-Valand Graduation - About Graduation","isPartOf":{"@id":"https:\/\/2023.hdk-valand-graduation.se\/en\/#website"},"datePublished":"2020-05-14T13:35:57+00:00","dateModified":"2023-06-09T06:03:37+00:00","description":"HDK-Valand v\u00e4lkomnar dig att ta del av verk ifr\u00e5n studenter som nu kommer att ta plats inom samtida och framtida bildpedagogiken, designen, fotografit, filmkonsten, fria konsten, konsthantverket och litter\u00e4ra gestaltning.","breadcrumb":{"@id":"https:\/\/2023.hdk-valand-graduation.se\/en\/about-hdk-valand\/#breadcrumb"},"inLanguage":"en-US","potentialAction":[{"@type":"ReadAction","target":["https:\/\/2023.hdk-valand-graduation.se\/en\/about-hdk-valand\/"]}]},{"@type":"BreadcrumbList","@id":"https:\/\/2023.hdk-valand-graduation.se\/en\/about-hdk-valand\/#breadcrumb","itemListElement":[{"@type":"ListItem","position":1,"name":"Hem","item":"https:\/\/2023.hdk-valand-graduation.se\/en\/"},{"@type":"ListItem","position":2,"name":"About Graduation"}]},{"@type":"WebSite","@id":"https:\/\/2023.hdk-valand-graduation.se\/en\/#website","url":"https:\/\/2023.hdk-valand-graduation.se\/en\/","name":"HDK-Valand Graduation","description":"Examensarbeten 2022","publisher":{"@id":"https:\/\/2023.hdk-valand-graduation.se\/en\/#organization"},"potentialAction":[{"@type":"SearchAction","target":{"@type":"EntryPoint","urlTemplate":"https:\/\/2023.hdk-valand-graduation.se\/en\/?s={search_term_string}"},"query-input":"required name=search_term_string"}],"inLanguage":"en-US"},{"@type":"Organization","@id":"https:\/\/2023.hdk-valand-graduation.se\/en\/#organization","name":"HDK-Valand","url":"https:\/\/2023.hdk-valand-graduation.se\/en\/","logo":{"@type":"ImageObject","inLanguage":"en-US","@id":"https:\/\/2023.hdk-valand-graduation.se\/en\/#\/schema\/logo\/image\/","url":"","contentUrl":"","caption":"HDK-Valand"},"image":{"@id":"https:\/\/2023.hdk-valand-graduation.se\/en\/#\/schema\/logo\/image\/"},"sameAs":["https:\/\/www.facebook.com\/HDKValand","https:\/\/twitter.com\/HDK_Valand"]}]}},"_links":{"self":[{"href":"https:\/\/2023.hdk-valand-graduation.se\/en\/wp-json\/wp\/v2\/pages\/1319"}],"collection":[{"href":"https:\/\/2023.hdk-valand-graduation.se\/en\/wp-json\/wp\/v2\/pages"}],"about":[{"href":"https:\/\/2023.hdk-valand-graduation.se\/en\/wp-json\/wp\/v2\/types\/page"}],"author":[{"embeddable":true,"href":"https:\/\/2023.hdk-valand-graduation.se\/en\/wp-json\/wp\/v2\/users\/14"}],"replies":[{"embeddable":true,"href":"https:\/\/2023.hdk-valand-graduation.se\/en\/wp-json\/wp\/v2\/comments?post=1319"}],"version-history":[{"count":8,"href":"https:\/\/2023.hdk-valand-graduation.se\/en\/wp-json\/wp\/v2\/pages\/1319\/revisions"}],"predecessor-version":[{"id":14083,"href":"https:\/\/2023.hdk-valand-graduation.se\/en\/wp-json\/wp\/v2\/pages\/1319\/revisions\/14083"}],"wp:featuredmedia":[{"embeddable":true,"href":"https:\/\/2023.hdk-valand-graduation.se\/en\/wp-json\/wp\/v2\/media\/11125"}],"wp:attachment":[{"href":"https:\/\/2023.hdk-valand-graduation.se\/en\/wp-json\/wp\/v2\/media?parent=1319"}],"curies":[{"name":"wp","href":"https:\/\/api.w.org\/{rel}","templated":true}]}}